{"id":793,"date":"2025-05-27T16:48:59","date_gmt":"2025-05-27T14:48:59","guid":{"rendered":"https:\/\/mexpo.hr\/about-us\/"},"modified":"2025-07-18T12:39:21","modified_gmt":"2025-07-18T10:39:21","slug":"about-us","status":"publish","type":"page","link":"https:\/\/mexpo.hr\/en\/about-us\/","title":{"rendered":"About us"},"content":{"rendered":"\n<div class=\"wp-block-group page intro bigger alignfull position-relative mb-0\"><div class=\"wp-block-group__inner-container is-layout-constrained wp-block-group-is-layout-constrained\">\n<figure class=\"wp-block-image size-large\" data-aos=\"fade-down\" data-aos-delay=\"250\" data-aos-duration=\"500\"><img loading=\"lazy\" decoding=\"async\" width=\"1024\" height=\"577\" src=\"https:\/\/mexpo.hr\/wp-content\/uploads\/2025\/06\/mexpo-o-nama-hero-1024x577.jpg\" alt=\"\" class=\"wp-image-333\" srcset=\"https:\/\/mexpo.hr\/wp-content\/uploads\/2025\/06\/mexpo-o-nama-hero-1024x577.jpg 1024w, https:\/\/mexpo.hr\/wp-content\/uploads\/2025\/06\/mexpo-o-nama-hero-300x169.jpg 300w, https:\/\/mexpo.hr\/wp-content\/uploads\/2025\/06\/mexpo-o-nama-hero-768x432.jpg 768w, https:\/\/mexpo.hr\/wp-content\/uploads\/2025\/06\/mexpo-o-nama-hero-1536x865.jpg 1536w, https:\/\/mexpo.hr\/wp-content\/uploads\/2025\/06\/mexpo-o-nama-hero.jpg 1920w\" sizes=\"auto, (max-width: 1024px) 100vw, 1024px\" \/><\/figure>\n\n\n\n<div class=\"wp-block-columns is-layout-flex wp-container-core-columns-is-layout-9d6595d7 wp-block-columns-is-layout-flex\" data-aos=\"fade-up\" data-aos-delay=\"450\" data-aos-duration=\"800\">\n<div class=\"wp-block-column d-flex flex-column justify-content-center has-background is-layout-flow wp-block-column-is-layout-flow\" style=\"background-color:#64676b4a\">\n<h1 class=\"wp-block-heading has-text-align-left h1-intro mb-2 has-white-color has-text-color has-link-color wp-elements-4b62d78df8432720f4c1205e4feccc49\">It all started in 1993. <\/h1>\n\n\n\n<p class=\"has-white-color has-text-color has-link-color wp-elements-3c60eb43af052cb637f14d8782f83e41\">when Vladimir Vuru\u0161i\u0107 founded MEXPO d.o.o. in \u010cakovec with a clear vision \u2013 to connect top-quality European materials with the needs of the local market. From humble beginnings as a company focused on exporting metal products and importing construction materials, we quickly specialized in PVC joinery, becoming a key partner to Croatian window and door manufacturers.<\/p>\n<\/div>\n<\/div>\n<\/div><\/div>\n\n<div class=\"wp-block-columns d-flex flex-row justify-content-start flex-md-nowrap w-100 w-lg-80 mx-auto mb-0 py-3 py-lg-5 is-layout-flex wp-container-core-columns-is-layout-9d6595d7 wp-block-columns-is-layout-flex\" data-aos=\"fade\" data-aos-delay=\"800\" data-aos-duration=\"700\" data-aos-once=\"true\">\n<div class=\"wp-block-column is-vertically-aligned-center d-flex flex-column w-100 w-xl-70 py-3 py-lg-0 px-md-3 px-lg-5 border-right-green is-layout-flow wp-block-column-is-layout-flow\">\n<h2 class=\"wp-block-heading\">A Reliable Partner with German Quality<\/h2>\n\n\n\n<p>As early as 1994, MEXPO became the <mark style=\"background-color:rgba(0, 0, 0, 0)\" class=\"has-inline-color has-green-color\"><strong>exclusive representative for Croatia<\/strong><\/mark> of one of Germany\u2019s most respected PVC profile manufacturers \u2013 <mark style=\"background-color:rgba(0, 0, 0, 0)\" class=\"has-inline-color has-green-color\"><strong>SALAMANDER Industrie-Produkte GmbH.<\/strong><\/mark> This partnership introduced premium profiles to the market that set new benchmarks in energy efficiency, durability, and aesthetics.   <\/p>\n\n\n\n<p>2003. we became the <mark style=\"background-color:rgba(0, 0, 0, 0)\" class=\"has-inline-color has-green-color\"><strong>official distributor for EXTE Extrudertechnik GmbH<\/strong><\/mark>, a leading German manufacturer of high-end roller shutter boxes and accessories.<\/p>\n<\/div>\n<\/div>\n\n<div class=\"wp-block-group\" data-aos=\"fade\" data-aos-delay=\"500\" data-aos-duration=\"800\" data-aos-once=\"true\"><div class=\"wp-block-group__inner-container is-layout-constrained wp-block-group-is-layout-constrained\">\n<figure class=\"wp-block-image size-large vt-img-box img-pb-70 img-pb-lg-50 object-fit-cover mb-0\"><img loading=\"lazy\" decoding=\"async\" width=\"1024\" height=\"577\" src=\"https:\/\/mexpo.hr\/wp-content\/uploads\/2025\/06\/mexpo-o-nama-partner-1024x577.jpg\" alt=\"\" class=\"wp-image-335\" srcset=\"https:\/\/mexpo.hr\/wp-content\/uploads\/2025\/06\/mexpo-o-nama-partner-1024x577.jpg 1024w, https:\/\/mexpo.hr\/wp-content\/uploads\/2025\/06\/mexpo-o-nama-partner-300x169.jpg 300w, https:\/\/mexpo.hr\/wp-content\/uploads\/2025\/06\/mexpo-o-nama-partner-768x432.jpg 768w, https:\/\/mexpo.hr\/wp-content\/uploads\/2025\/06\/mexpo-o-nama-partner-1536x865.jpg 1536w, https:\/\/mexpo.hr\/wp-content\/uploads\/2025\/06\/mexpo-o-nama-partner.jpg 1920w\" sizes=\"auto, (max-width: 1024px) 100vw, 1024px\" \/><\/figure>\n<\/div><\/div>\n\n<div class=\"wp-block-columns d-flex flex-row justify-content-end flex-md-nowrap w-100 w-lg-80 mx-auto mb-0 py-3 py-lg-5 is-layout-flex wp-container-core-columns-is-layout-9d6595d7 wp-block-columns-is-layout-flex\" data-aos=\"fade-up\" data-aos-delay=\"800\" data-aos-duration=\"750\" data-aos-once=\"true\">\n<div class=\"wp-block-column is-vertically-aligned-center d-flex flex-column w-100 w-xl-70 py-3 py-lg-0 px-md-3 px-lg-5 border-left-green is-layout-flow wp-block-column-is-layout-flow\">\n<h2 class=\"wp-block-heading\">Our Mission \u2013 Your Quality<\/h2>\n\n\n\n<p>Today, with decades of experience behind us, MEXPO stands as a <strong><mark style=\"background-color:rgba(0, 0, 0, 0)\" class=\"has-inline-color has-green-color\">symbol of reliability, quality, and innovation<\/mark><\/strong>. Our long-standing partnerships with renowned German manufacturers enable us to offer the Croatian market the very best in PVC joinery materials. <\/p>\n<\/div>\n<\/div>\n\n<div class=\"wp-block-group mb-3 mb-lg-5\" data-aos=\"fade\" data-aos-delay=\"500\" data-aos-duration=\"750\" data-aos-once=\"true\"><div class=\"wp-block-group__inner-container is-layout-constrained wp-block-group-is-layout-constrained\">\n<figure class=\"wp-block-image size-large vt-img-box img-pb-70 img-pb-lg-50 object-fit-cover mb-0\"><img loading=\"lazy\" decoding=\"async\" width=\"1024\" height=\"576\" src=\"https:\/\/mexpo.hr\/wp-content\/uploads\/2025\/06\/mexpo-o-nama-kvaliteta-1024x576.jpg\" alt=\"\" class=\"wp-image-336\" srcset=\"https:\/\/mexpo.hr\/wp-content\/uploads\/2025\/06\/mexpo-o-nama-kvaliteta-1024x576.jpg 1024w, https:\/\/mexpo.hr\/wp-content\/uploads\/2025\/06\/mexpo-o-nama-kvaliteta-300x169.jpg 300w, https:\/\/mexpo.hr\/wp-content\/uploads\/2025\/06\/mexpo-o-nama-kvaliteta-768x432.jpg 768w, https:\/\/mexpo.hr\/wp-content\/uploads\/2025\/06\/mexpo-o-nama-kvaliteta-1536x864.jpg 1536w, https:\/\/mexpo.hr\/wp-content\/uploads\/2025\/06\/mexpo-o-nama-kvaliteta.jpg 1920w\" sizes=\"auto, (max-width: 1024px) 100vw, 1024px\" \/><\/figure>\n<\/div><\/div>\n\n<div class=\"wp-block-group\" data-aos=\"fade-up\" data-aos-delay=\"750\" data-aos-duration=\"500\" data-aos-once=\"true\"><div class=\"wp-block-group__inner-container is-layout-constrained wp-block-group-is-layout-constrained\">\n<hr class=\"wp-block-separator has-text-color has-lightgray-color has-alpha-channel-opacity has-lightgray-background-color has-background my-0\"\/>\n\n\n\n<div class=\"wp-block-columns py-3 py-lg-5 mb-0 is-layout-flex wp-container-core-columns-is-layout-9d6595d7 wp-block-columns-is-layout-flex\">\n<div class=\"wp-block-column is-vertically-aligned-stretch banner-cta-col bigger position-relative overflow-hidden has-background is-layout-flow wp-block-column-is-layout-flow\" style=\"background-color:#212625a3\">\n<h2 class=\"wp-block-heading has-white-color has-text-color has-link-color wp-elements-2b5cf3d9b3e1da0a289664a39ee5f4ff\">Colors and Finishes<\/h2>\n\n\n\n<p class=\"has-white-color has-text-color has-link-color wp-elements-5463772c4607aa25510bd10404bd0599\">PVC doesn\u2019t have to be white! We offer a wide range of colors and wood-like finishes to perfectly match your fa\u00e7ade, interior, or personal style. Options include:<\/p>\n\n\n\n<ul class=\"wp-block-list has-white-color has-text-color has-link-color wp-elements-e9b195e2338144bb7b85a6c1ec748c84\">\n<li>Wood decors (oak, walnut, mahogany\u2026)<\/li>\n\n\n\n<li>Trendy colors (anthracite, grey, black&#8230;)<\/li>\n\n\n\n<li>Special surface textures (matte, textured foils&#8230;)<\/li>\n<\/ul>\n\n\n\n<div class=\"wp-block-buttons mt-3 is-layout-flex wp-block-buttons-is-layout-flex\">\n<div class=\"wp-block-button\"><a class=\"wp-block-button__link wp-element-button\" href=\"https:\/\/mexpo.hr\/en\/colors-and-finishes\/\">Learn more<\/a><\/div>\n<\/div>\n\n\n\n<figure class=\"wp-block-image size-full banner-cta-img rounded-5 mb-0\"><img loading=\"lazy\" decoding=\"async\" width=\"960\" height=\"960\" src=\"https:\/\/mexpo.hr\/wp-content\/uploads\/2025\/06\/mexpo-box-boje-dekori.jpg\" alt=\"\" class=\"wp-image-351\" srcset=\"https:\/\/mexpo.hr\/wp-content\/uploads\/2025\/06\/mexpo-box-boje-dekori.jpg 960w, https:\/\/mexpo.hr\/wp-content\/uploads\/2025\/06\/mexpo-box-boje-dekori-300x300.jpg 300w, https:\/\/mexpo.hr\/wp-content\/uploads\/2025\/06\/mexpo-box-boje-dekori-150x150.jpg 150w, https:\/\/mexpo.hr\/wp-content\/uploads\/2025\/06\/mexpo-box-boje-dekori-768x768.jpg 768w\" sizes=\"auto, (max-width: 960px) 100vw, 960px\" \/><\/figure>\n<\/div>\n\n\n\n<div class=\"wp-block-column is-vertically-aligned-stretch banner-cta-col bigger position-relative overflow-hidden has-background is-layout-flow wp-block-column-is-layout-flow\" style=\"background-color:#212625a3\">\n<h2 class=\"wp-block-heading has-white-color has-text-color has-link-color wp-elements-3741dfe23bc02d2e739abfb0d06e95ce\">Maintenance and Longevity<\/h2>\n\n\n\n<p class=\"has-white-color has-text-color has-link-color wp-elements-6df3f121b3c951db246d582ad5be68a1\">Windows and doors made from Salamander profiles require minimal upkeep \u2013 just occasional cleaning with a mild detergent. Our products are:<\/p>\n\n\n\n<ul class=\"wp-block-list has-white-color has-text-color has-link-color wp-elements-39f67b2129b3c78267993702db4f76b5\">\n<li>UV and weather resistant<\/li>\n\n\n\n<li>Colorfast and shape-retaining for decades<\/li>\n\n\n\n<li>Exceptionally durable with no need for repainting or additional protection<\/li>\n<\/ul>\n\n\n\n<div class=\"wp-block-buttons mt-3 is-layout-flex wp-block-buttons-is-layout-flex\">\n<div class=\"wp-block-button\"><a class=\"wp-block-button__link wp-element-button\" href=\"https:\/\/mexpo.hr\/en\/maintenance\/\">Learn more<\/a><\/div>\n<\/div>\n\n\n\n<figure class=\"wp-block-image size-full banner-cta-img rounded-5 mb-0\"><img loading=\"lazy\" decoding=\"async\" width=\"960\" height=\"960\" src=\"https:\/\/mexpo.hr\/wp-content\/uploads\/2025\/06\/mexpo-box-odrzavanje.jpg\" alt=\"\" class=\"wp-image-352\" srcset=\"https:\/\/mexpo.hr\/wp-content\/uploads\/2025\/06\/mexpo-box-odrzavanje.jpg 960w, https:\/\/mexpo.hr\/wp-content\/uploads\/2025\/06\/mexpo-box-odrzavanje-300x300.jpg 300w, https:\/\/mexpo.hr\/wp-content\/uploads\/2025\/06\/mexpo-box-odrzavanje-150x150.jpg 150w, https:\/\/mexpo.hr\/wp-content\/uploads\/2025\/06\/mexpo-box-odrzavanje-768x768.jpg 768w\" sizes=\"auto, (max-width: 960px) 100vw, 960px\" \/><\/figure>\n<\/div>\n<\/div>\n<\/div><\/div>\n\n<div class=\"wp-block-group\"><div class=\"wp-block-group__inner-container is-layout-constrained wp-block-group-is-layout-constrained\">\n<hr class=\"wp-block-separator has-text-color has-lightgray-color has-alpha-channel-opacity has-lightgray-background-color has-background my-0 mb-lg-5\"\/>\n\n\n\n<div class=\"wp-block-columns green-box alignfull alignnone-lg mt-3 mt-lg-5 py-3 py-lg-5 has-white-color has-green-background-color has-text-color has-background has-link-color wp-elements-d4edcee7c9a12e47bebab3c662510a18 is-layout-flex wp-container-core-columns-is-layout-9d6595d7 wp-block-columns-is-layout-flex\" data-aos=\"fade-up\" data-aos-delay=\"500\" data-aos-duration=\"500\" data-aos-once=\"true\">\n<div class=\"wp-block-column py-3 py-lg-5 w-100 w-lg-80 w-xxl-50 mx-auto is-layout-flow wp-block-column-is-layout-flow\">\n<h2 class=\"wp-block-heading has-white-color has-text-color has-link-color wp-elements-bc89e039ca5b606adbd4e32a9b66697e\">Why Choose Salamander and Exte?<\/h2>\n\n\n\n<ul class=\"wp-block-list has-white-color has-text-color has-link-color wp-elements-50da5642d80a3cf0c0b3e37a87906b49\">\n<li>Over 40 years of experience<\/li>\n\n\n\n<li>Exceptional quality<\/li>\n\n\n\n<li>Superior thermal and acoustic insulation<\/li>\n\n\n\n<li>Excellent weather resistance<\/li>\n<\/ul>\n<\/div>\n<\/div>\n<\/div><\/div>\n","protected":false},"excerpt":{"rendered":"<p>It all started in 1993. when Vladimir Vuru\u0161i\u0107 founded MEXPO d.o.o. in \u010cakovec with a clear vision \u2013 to connect top-quality European materials with the needs of the local market. From humble beginnings as a company focused on exporting metal products and importing construction materials, we quickly specialized in PVC joinery, becoming a key partner [&#8230;]<\/p>\n<p><a class=\"btn btn-secondary virtualna-read-more-link\" href=\"https:\/\/mexpo.hr\/en\/about-us\/\">Read More&#8230;<span class=\"screen-reader-text\"> from About us<\/span><\/a><\/p>\n","protected":false},"author":1,"featured_media":0,"parent":0,"menu_order":0,"comment_status":"closed","ping_status":"closed","template":"page-templates\/editor-title.php","meta":{"footnotes":""},"class_list":["post-793","page","type-page","status-publish","hentry"],"yoast_head":"<!-- This site is optimized with the Yoast SEO plugin v26.1.1 - https:\/\/yoast.com\/wordpress\/plugins\/seo\/ -->\n<title>About us - Mexpo - 30 Years of Quality in PVC Joinery<\/title>\n<meta name=\"description\" content=\"Trust, innovation, and German quality \u2013 Mexpo has been your partner for PVC systems and shutters for over 30 years.\" \/>\n<meta name=\"robots\" content=\"index, follow, max-snippet:-1, max-image-preview:large, max-video-preview:-1\" \/>\n<link rel=\"canonical\" href=\"https:\/\/mexpo.hr\/o-nama\/\" \/>\n<meta property=\"og:locale\" content=\"en_US\" \/>\n<meta property=\"og:type\" content=\"article\" \/>\n<meta property=\"og:title\" content=\"About us - Mexpo - 30 Years of Quality in PVC Joinery\" \/>\n<meta property=\"og:description\" content=\"Trust, innovation, and German quality \u2013 Mexpo has been your partner for PVC systems and shutters for over 30 years.\" \/>\n<meta property=\"og:url\" content=\"https:\/\/mexpo.hr\/o-nama\/\" \/>\n<meta property=\"og:site_name\" content=\"Mexpo\" \/>\n<meta property=\"article:modified_time\" content=\"2025-07-18T10:39:21+00:00\" \/>\n<meta property=\"og:image\" content=\"https:\/\/mexpo.hr\/wp-content\/uploads\/2025\/06\/mexpo-o-nama-hero-1024x577.jpg\" \/>\n<meta name=\"twitter:card\" content=\"summary_large_image\" \/>\n<meta name=\"twitter:label1\" content=\"Est. reading time\" \/>\n\t<meta name=\"twitter:data1\" content=\"1 minute\" \/>\n<script type=\"application\/ld+json\" class=\"yoast-schema-graph\">{\"@context\":\"https:\/\/schema.org\",\"@graph\":[{\"@type\":\"WebPage\",\"@id\":\"https:\/\/mexpo.hr\/o-nama\/\",\"url\":\"https:\/\/mexpo.hr\/o-nama\/\",\"name\":\"About us - Mexpo - 30 Years of Quality in PVC Joinery\",\"isPartOf\":{\"@id\":\"https:\/\/mexpo.hr\/#website\"},\"primaryImageOfPage\":{\"@id\":\"https:\/\/mexpo.hr\/o-nama\/#primaryimage\"},\"image\":{\"@id\":\"https:\/\/mexpo.hr\/o-nama\/#primaryimage\"},\"thumbnailUrl\":\"https:\/\/mexpo.hr\/wp-content\/uploads\/2025\/06\/mexpo-o-nama-hero-1024x577.jpg\",\"datePublished\":\"2025-05-27T14:48:59+00:00\",\"dateModified\":\"2025-07-18T10:39:21+00:00\",\"description\":\"Trust, innovation, and German quality \u2013 Mexpo has been your partner for PVC systems and shutters for over 30 years.\",\"breadcrumb\":{\"@id\":\"https:\/\/mexpo.hr\/o-nama\/#breadcrumb\"},\"inLanguage\":\"en-US\",\"potentialAction\":[{\"@type\":\"ReadAction\",\"target\":[\"https:\/\/mexpo.hr\/o-nama\/\"]}]},{\"@type\":\"ImageObject\",\"inLanguage\":\"en-US\",\"@id\":\"https:\/\/mexpo.hr\/o-nama\/#primaryimage\",\"url\":\"https:\/\/mexpo.hr\/wp-content\/uploads\/2025\/06\/mexpo-o-nama-hero-1024x577.jpg\",\"contentUrl\":\"https:\/\/mexpo.hr\/wp-content\/uploads\/2025\/06\/mexpo-o-nama-hero-1024x577.jpg\"},{\"@type\":\"BreadcrumbList\",\"@id\":\"https:\/\/mexpo.hr\/o-nama\/#breadcrumb\",\"itemListElement\":[{\"@type\":\"ListItem\",\"position\":1,\"name\":\"Po\u010detna stranica\",\"item\":\"https:\/\/mexpo.hr\/en\/\"},{\"@type\":\"ListItem\",\"position\":2,\"name\":\"About us\"}]},{\"@type\":\"WebSite\",\"@id\":\"https:\/\/mexpo.hr\/#website\",\"url\":\"https:\/\/mexpo.hr\/\",\"name\":\"Mexpo\",\"description\":\"Veleprodaja PVC stolarija\",\"publisher\":{\"@id\":\"https:\/\/mexpo.hr\/#organization\"},\"potentialAction\":[{\"@type\":\"SearchAction\",\"target\":{\"@type\":\"EntryPoint\",\"urlTemplate\":\"https:\/\/mexpo.hr\/?s={search_term_string}\"},\"query-input\":{\"@type\":\"PropertyValueSpecification\",\"valueRequired\":true,\"valueName\":\"search_term_string\"}}],\"inLanguage\":\"en-US\"},{\"@type\":\"Organization\",\"@id\":\"https:\/\/mexpo.hr\/#organization\",\"name\":\"Mexpo\",\"url\":\"https:\/\/mexpo.hr\/\",\"logo\":{\"@type\":\"ImageObject\",\"inLanguage\":\"en-US\",\"@id\":\"https:\/\/mexpo.hr\/#\/schema\/logo\/image\/\",\"url\":\"https:\/\/mexpo.hr\/wp-content\/uploads\/2025\/05\/mexpo-logo.png\",\"contentUrl\":\"https:\/\/mexpo.hr\/wp-content\/uploads\/2025\/05\/mexpo-logo.png\",\"width\":144,\"height\":42,\"caption\":\"Mexpo\"},\"image\":{\"@id\":\"https:\/\/mexpo.hr\/#\/schema\/logo\/image\/\"}}]}<\/script>\n<!-- \/ Yoast SEO plugin. -->","yoast_head_json":{"title":"About us - Mexpo - 30 Years of Quality in PVC Joinery","description":"Trust, innovation, and German quality \u2013 Mexpo has been your partner for PVC systems and shutters for over 30 years.","robots":{"index":"index","follow":"follow","max-snippet":"max-snippet:-1","max-image-preview":"max-image-preview:large","max-video-preview":"max-video-preview:-1"},"canonical":"https:\/\/mexpo.hr\/o-nama\/","og_locale":"en_US","og_type":"article","og_title":"About us - Mexpo - 30 Years of Quality in PVC Joinery","og_description":"Trust, innovation, and German quality \u2013 Mexpo has been your partner for PVC systems and shutters for over 30 years.","og_url":"https:\/\/mexpo.hr\/o-nama\/","og_site_name":"Mexpo","article_modified_time":"2025-07-18T10:39:21+00:00","og_image":[{"url":"https:\/\/mexpo.hr\/wp-content\/uploads\/2025\/06\/mexpo-o-nama-hero-1024x577.jpg","type":"","width":"","height":""}],"twitter_card":"summary_large_image","twitter_misc":{"Est. reading time":"1 minute"},"schema":{"@context":"https:\/\/schema.org","@graph":[{"@type":"WebPage","@id":"https:\/\/mexpo.hr\/o-nama\/","url":"https:\/\/mexpo.hr\/o-nama\/","name":"About us - Mexpo - 30 Years of Quality in PVC Joinery","isPartOf":{"@id":"https:\/\/mexpo.hr\/#website"},"primaryImageOfPage":{"@id":"https:\/\/mexpo.hr\/o-nama\/#primaryimage"},"image":{"@id":"https:\/\/mexpo.hr\/o-nama\/#primaryimage"},"thumbnailUrl":"https:\/\/mexpo.hr\/wp-content\/uploads\/2025\/06\/mexpo-o-nama-hero-1024x577.jpg","datePublished":"2025-05-27T14:48:59+00:00","dateModified":"2025-07-18T10:39:21+00:00","description":"Trust, innovation, and German quality \u2013 Mexpo has been your partner for PVC systems and shutters for over 30 years.","breadcrumb":{"@id":"https:\/\/mexpo.hr\/o-nama\/#breadcrumb"},"inLanguage":"en-US","potentialAction":[{"@type":"ReadAction","target":["https:\/\/mexpo.hr\/o-nama\/"]}]},{"@type":"ImageObject","inLanguage":"en-US","@id":"https:\/\/mexpo.hr\/o-nama\/#primaryimage","url":"https:\/\/mexpo.hr\/wp-content\/uploads\/2025\/06\/mexpo-o-nama-hero-1024x577.jpg","contentUrl":"https:\/\/mexpo.hr\/wp-content\/uploads\/2025\/06\/mexpo-o-nama-hero-1024x577.jpg"},{"@type":"BreadcrumbList","@id":"https:\/\/mexpo.hr\/o-nama\/#breadcrumb","itemListElement":[{"@type":"ListItem","position":1,"name":"Po\u010detna stranica","item":"https:\/\/mexpo.hr\/en\/"},{"@type":"ListItem","position":2,"name":"About us"}]},{"@type":"WebSite","@id":"https:\/\/mexpo.hr\/#website","url":"https:\/\/mexpo.hr\/","name":"Mexpo","description":"Veleprodaja PVC stolarija","publisher":{"@id":"https:\/\/mexpo.hr\/#organization"},"potentialAction":[{"@type":"SearchAction","target":{"@type":"EntryPoint","urlTemplate":"https:\/\/mexpo.hr\/?s={search_term_string}"},"query-input":{"@type":"PropertyValueSpecification","valueRequired":true,"valueName":"search_term_string"}}],"inLanguage":"en-US"},{"@type":"Organization","@id":"https:\/\/mexpo.hr\/#organization","name":"Mexpo","url":"https:\/\/mexpo.hr\/","logo":{"@type":"ImageObject","inLanguage":"en-US","@id":"https:\/\/mexpo.hr\/#\/schema\/logo\/image\/","url":"https:\/\/mexpo.hr\/wp-content\/uploads\/2025\/05\/mexpo-logo.png","contentUrl":"https:\/\/mexpo.hr\/wp-content\/uploads\/2025\/05\/mexpo-logo.png","width":144,"height":42,"caption":"Mexpo"},"image":{"@id":"https:\/\/mexpo.hr\/#\/schema\/logo\/image\/"}}]}},"_links":{"self":[{"href":"https:\/\/mexpo.hr\/en\/wp-json\/wp\/v2\/pages\/793","targetHints":{"allow":["GET"]}}],"collection":[{"href":"https:\/\/mexpo.hr\/en\/wp-json\/wp\/v2\/pages"}],"about":[{"href":"https:\/\/mexpo.hr\/en\/wp-json\/wp\/v2\/types\/page"}],"author":[{"embeddable":true,"href":"https:\/\/mexpo.hr\/en\/wp-json\/wp\/v2\/users\/1"}],"replies":[{"embeddable":true,"href":"https:\/\/mexpo.hr\/en\/wp-json\/wp\/v2\/comments?post=793"}],"version-history":[{"count":5,"href":"https:\/\/mexpo.hr\/en\/wp-json\/wp\/v2\/pages\/793\/revisions"}],"predecessor-version":[{"id":884,"href":"https:\/\/mexpo.hr\/en\/wp-json\/wp\/v2\/pages\/793\/revisions\/884"}],"wp:attachment":[{"href":"https:\/\/mexpo.hr\/en\/wp-json\/wp\/v2\/media?parent=793"}],"curies":[{"name":"wp","href":"https:\/\/api.w.org\/{rel}","templated":true}]}}